{"id":238,"date":"2019-02-05T07:05:06","date_gmt":"2019-02-05T07:05:06","guid":{"rendered":"https:\/\/ninetheme.com\/themes\/agro\/?page_id=238"},"modified":"2024-03-18T15:21:45","modified_gmt":"2024-03-18T15:21:45","slug":"a-propos","status":"publish","type":"page","link":"https:\/\/naeisarl.com\/index.php\/a-propos\/","title":{"rendered":"\u00c0 PROPOS"},"content":{"rendered":"<div class=\"wpb-content-wrapper\">[vc_row full_width=&#8221;container-null&#8221;][vc_column agro_disable_column=&#8221;yes&#8221;]<div id=\"hero\" class=\"nt-shortcode-hero jarallax section_69fb44de389a5 vc_custom_1703926056683\" data-speed=\"0.7\" data-img-position=\"50% 80%\" data-res-css=\"          \"><div class=\"container\"><div class=\"row\"><div class=\"col-12 col-lg-7 \"><h1 class=\"__title\"><span>NOTRE<\/span> TERRE<\/h1><div class=\"shortcode-page-breadcrumbs breadcrumb\"><div class=\"nt-breadcrumbs\"><ul class=\"nt-breadcrumbs-list\"><li class=\"bitem\"><span><a class=\"breadcrumbs__link\" href=\"https:\/\/naeisarl.com\/\"><span>Home<\/span><\/a><\/span><\/li><\/ul><\/div><\/div><\/div><\/div><\/div><\/div>[\/vc_column][\/vc_row][vc_row full_width=&#8221;container-null&#8221;][vc_column agro_disable_column=&#8221;yes&#8221;]<div class=\"section section--no-pb about--1 md-hide-bg item_69fb44de38f67 vc_custom_1710617515342\" data-res-css=\"              \"><div class=\"container\"><div class=\"section-heading\"><h2 class=\"__title\">AGRO BUSINESS <span>S\u00c9N\u00c9GAL<\/span><\/h2><\/div><div class=\"row\"><div class=\"col-12 col-lg-6 col-xl-8\">NAEI SARL \u00e9tait au d\u00e9part une exploitation familiale et est devenue par la suite un GIE dans les ann\u00e9es 80. Il dispose d\u2019une longue exp\u00e9rience de plus de 50 dans la production agricole. Sa pr\u00e9sence a \u00e9t\u00e9 remarqu\u00e9e d\u2019abord \u00e0 l\u2019int\u00e9rieur du pays notamment au centre du bassin arachidier (r\u00e9gion de Diourbel, Kaolack et Kaffrine). Dans cette partie il y exploite des superficies importantes en culture pluviale avec les sp\u00e9culations comme le mil, l\u2019arachide, le ma\u00efs, le sorgo, le ni\u00e9b\u00e9, la past\u00e8que etc.<\/p>\n<p>Il s\u2019est aussi tr\u00e8s t\u00f4t int\u00e9ress\u00e9 dans les cultures maraich\u00e8res d\u2019exportation (fruits et l\u00e9gumes de contre saison) dans ses exploitations dans la r\u00e9gion de Thi\u00e8s (c\u00f4te ouest du S\u00e9n\u00e9gal).<\/p>\n<p>Avec l\u2019av\u00e8nement de la culture irrigu\u00e9e dans la vall\u00e9e du Fleuve S\u00e9n\u00e9gal, l\u2019entreprise a \u00e9tendu ses activit\u00e9s dans le nord o\u00f9 il exploite des superficies importantes en riz et en maraichage.<\/p>\n<p>Il dispose \u00e0 cette date d\u2019une superficie estim\u00e9e \u00e0 pr\u00e8s de 5 000 ha reparti \u00e0 travers tout le pays, du centre au Nord en passant par la c\u00f4te Ouest (r\u00e9gion de Thi\u00e8s).<\/p>\n<p>NAEI SARL dispose \u00e9galement d\u2019un parc de mat\u00e9riel agricole important pour ses op\u00e9rations culturales et de moyens logistiques cons\u00e9quents pour le transport des personnes et des produits agricoles. Elle a aussi des hangars et des magasins pour le stockage des intrants et des produits agricoles r\u00e9colt\u00e9s dans ses parcelles.<\/p>\n<p>Elle emploie pr\u00e9sentement une main d\u2019\u0153uvre permanente de pr\u00e8s de 200 employ\u00e9s et cr\u00e9e plus de 1000 emplois non permanents pour ses op\u00e9rations de culture et pour la r\u00e9colte de la production agricole.<p><a class=\"custom-btn custom-btn--medium custom-btn--style-1\" href=\"https:\/\/naeisarl.com\/index.php\/contact\/\">CONTACTEZ-NOUS<\/a><\/p><\/div><\/div><\/div><\/div>[\/vc_column][\/vc_row][vc_row full_width=&#8221;container-null&#8221;][vc_column agro_disable_column=&#8221;yes&#8221;]<div class=\"section counter_69fb44de38ff3\"><div class=\"container\"><div class=\"counter\"><div class=\"__inner\"><div class=\"row justify-content-sm-center justify-content-lg-around\"><div class=\"col-12 col-sm-8 col-md-6 col-lg-5 col-xl-3\"><div class=\"__item\" data-aos=\"zoom-in\" data-aos-delay=\"350\" data-aos-offset=\"150\"><div class=\"d-table\"><div class=\"d-table-cell align-middle\"><i class=\"__ico\"><img decoding=\"async\" src=\"https:\/\/naeisarl.com\/wp-content\/uploads\/2019\/02\/ico_count_1-1.png\" class=\"img-fluid\" alt=\"ico_count_1-1.png\"><\/i><\/div><div class=\"d-table-cell align-middle\"><p class=\"__count js-count\" data-from=\"0\" data-to=\"4800\">4800<\/p><p class=\"__title\">Tonnes annuelles<\/p><\/div><\/div><\/div><\/div><div class=\"col-12 col-sm-8 col-md-6 col-lg-5 col-xl-3\"><div class=\"__item\" data-aos=\"zoom-in\" data-aos-delay=\"350\" data-aos-offset=\"450\"><div class=\"d-table\"><div class=\"d-table-cell align-middle\"><i class=\"__ico\"><img decoding=\"async\" src=\"https:\/\/naeisarl.com\/wp-content\/uploads\/2019\/02\/ico_count_3-1.png\" class=\"img-fluid\" alt=\"ico_count_3-1.png\"><\/i><\/div><div class=\"d-table-cell align-middle\"><p class=\"__count js-count\" data-from=\"0\" data-to=\"2000\">2000<\/p><p class=\"__title\">Hectares exploit\u00e9s<\/p><\/div><\/div><\/div><\/div><div class=\"col-12 col-sm-8 col-md-6 col-lg-5 col-xl-3\"><div class=\"__item\" data-aos=\"zoom-in\" data-aos-delay=\"350\" data-aos-offset=\"450\"><div class=\"d-table\"><div class=\"d-table-cell align-middle\"><i class=\"__ico\"><img decoding=\"async\" src=\"https:\/\/naeisarl.com\/wp-content\/uploads\/2019\/02\/ico_count_3-1.png\" class=\"img-fluid\" alt=\"ico_count_3-1.png\"><\/i><\/div><div class=\"d-table-cell align-middle\"><p class=\"__count js-count\" data-from=\"0\" data-to=\"5000\">5000<\/p><p class=\"__title\">Hectares disponibles<\/p><\/div><\/div><\/div><\/div><div class=\"col-12 col-sm-8 col-md-6 col-lg-5 col-xl-3\"><div class=\"__item\" data-aos=\"zoom-in\" data-aos-delay=\"350\" data-aos-offset=\"450\"><div class=\"d-table\"><div class=\"d-table-cell align-middle\"><i class=\"__ico\"><img decoding=\"async\" src=\"https:\/\/naeisarl.com\/wp-content\/uploads\/2019\/02\/ico_count_4-1.png\" class=\"img-fluid\" alt=\"ico_count_4-1.png\"><\/i><\/div><div class=\"d-table-cell align-middle\"><p class=\"__count js-count\" data-from=\"0\" data-to=\"55\">55<\/p><p class=\"__title\">Unit\u00e9s Techniques<\/p><\/div><\/div><\/div><\/div><\/div><\/div><\/div><\/div><\/div>[\/vc_column][\/vc_row][vc_row full_width=&#8221;container-null&#8221;][vc_column agro_disable_column=&#8221;yes&#8221;]<div class=\"section section--gutter section--base-bg section--custom-02 section_69fb44de39956 vc_custom_1703710505318\" data-res-css=\"           \"><div class=\"container\"><div class=\"section-heading\" data-aos=\"fade\"><h2 class=\"__title\">NOTRE <span>HISTOIRE<\/span><\/h2><\/div><div class=\"timeline\"><div class=\"__inner\"><div class=\"row\"><div class=\"col-12 col-md-3\"><div class=\"__item\"><i class=\"__ico\"><\/i><div class=\"row\"><div class=\"col-lg-11 col-xl-9\"><p class=\"__year\">1970<\/p><h5 class=\"__title\">Exploitation Familiale<\/h5><\/div><\/div><\/div><\/div><div class=\"col-12 col-md-3\"><div class=\"__item\"><i class=\"__ico\"><\/i><div class=\"row\"><div class=\"col-lg-11 col-xl-9\"><p class=\"__year\">1982<\/p><h5 class=\"__title\">Transformation en GIE<\/h5><\/div><\/div><\/div><\/div><div class=\"col-12 col-md-3\"><div class=\"__item\"><i class=\"__ico\"><\/i><div class=\"row\"><div class=\"col-lg-11 col-xl-9\"><p class=\"__year\">1995<\/p><h5 class=\"__title\">Cultivation du riz en large \u00e9chelle <\/h5><\/div><\/div><\/div><\/div><div class=\"col-12 col-md-3\"><div class=\"__item\"><i class=\"__ico\"><\/i><div class=\"row\"><div class=\"col-lg-11 col-xl-9\"><p class=\"__year\">2023<\/p><h5 class=\"__title\">Transformation en SARL<\/h5><\/div><\/div><\/div><\/div><\/div><\/div><\/div><\/div><\/div>[\/vc_column][\/vc_row][vc_row full_width=&#8221;container-null&#8221;][vc_column agro_disable_column=&#8221;yes&#8221;]<div class=\"section section--no-pb section--custom-03 section_69fb44de399b7 vc_custom_1704241695845\" data-res-css=\"     .section.section_69fb44de399b7 p{color: #000000; }   .section.section_69fb44de399b7 .team .__item .__content{background-color: #000000; }\"><div class=\"container\"><div class=\"section-heading section-heading--center\" data-aos=\"fade\"><h2 class=\"__title\">PARTENARIATS <span>&amp; INVESTISSEURS<\/span><\/h2><p>Rejoignez notre r\u00e9seau de partenaires, investisseurs, fournisseurs et acheteurs pour une collaboration fructueuse.<\/p><\/div><div class=\"team\"><div class=\"__inner\"><div class=\"row\"><\/div><\/div><\/div><\/div><\/div>[vc_row_inner css=&#8221;.vc_custom_1703711447263{margin-top: -30px !important;}&#8221;][vc_column_inner width=&#8221;1\/6&#8243;][\/vc_column_inner][vc_column_inner width=&#8221;2\/3&#8243;][vc_column_text]\n<style>\n.wpb_wrapper p {<br \/>font-size: 16px;<br \/>}<br \/><\/style>\n<p>Nous aspirons \u00e0 amplifier notre impact et \u00e0 \u00e9tendre nos op\u00e9rations pour contribuer de mani\u00e8re significative \u00e0 la s\u00e9curit\u00e9 alimentaire et au d\u00e9veloppement durable au S\u00e9n\u00e9gal.<\/p>\n<p><strong>Recherche de Partenaires et d&#8217;Investisseurs<\/strong><br \/>\nAfin de concr\u00e9tiser notre vision ambitieuse, nous lan\u00e7ons une invitation aux partenaires, investisseurs, fournisseurs et acheteurs partageant nos valeurs. Nous sommes \u00e0 la recherche de partenariats strat\u00e9giques et d&#8217;investissements publics et priv\u00e9s pour amplifier notre capacit\u00e9 de production, exploiter pleinement nos vastes terres, et d\u00e9velopper des projets innovants dans le domaine de l&#8217;agriculture.<\/p>\n<p><strong>Joignez-vous \u00e0 Nous dans cette Aventure Agricole<\/strong><br \/>\nSi vous partagez notre passion pour l&#8217;agriculture durable et que vous \u00eates pr\u00eat \u00e0 contribuer \u00e0 l&#8217;essor de l&#8217;agro-business au S\u00e9n\u00e9gal, nous vous invitons \u00e0 explorer les opportunit\u00e9s de partenariat avec NAEI SARL.<\/p>\n<p>Ensemble, cultivons un avenir prosp\u00e8re et durable pour le S\u00e9n\u00e9gal et au-del\u00e0.<\/p>\n<p>Pour en savoir plus sur nos projets, opportunit\u00e9s et visions, n&#8217;h\u00e9sitez pas \u00e0 visiter la page d\u00e9di\u00e9e (lien pour la page \u2018partenariats ..\u2019) ou \u00e0 <a href=\"https:\/\/naeisarl.com\/index.php\/contact\/\">nous contacter.<\/a><\/p>\n<p>Nous sommes impatients de b\u00e2tir l&#8217;avenir agricole avec vous.[\/vc_column_text][\/vc_column_inner][vc_column_inner width=&#8221;1\/6&#8243;][\/vc_column_inner][\/vc_row_inner][\/vc_column][\/vc_row]\n<\/div>","protected":false},"excerpt":{"rendered":"<p>[vc_row full_width=&#8221;container-null&#8221;][vc_column agro_disable_column=&#8221;yes&#8221;][\/vc_column][\/vc_row][vc_row full_width=&#8221;container-null&#8221;][vc_column agro_disable_column=&#8221;yes&#8221;][\/vc_column][\/vc_row][vc_row full_width=&#8221;container-null&#8221;][vc_column agro_disable_column=&#8221;yes&#8221;][\/vc_column][\/vc_row][vc_row full_width=&#8221;container-null&#8221;][vc_column agro_disable_column=&#8221;yes&#8221;][\/vc_column][\/vc_row][vc_row full_width=&#8221;container-null&#8221;][vc_column agro_disable_column=&#8221;yes&#8221;][vc_row_inner css=&#8221;.vc_custom_1703711447263{margin-top: -30px !important;}&#8221;][vc_column_inner width=&#8221;1\/6&#8243;][\/vc_column_inner][vc_column_inner width=&#8221;2\/3&#8243;][vc_column_text] Nous aspirons \u00e0 amplifier notre impact et \u00e0 \u00e9tendre nos op\u00e9rations pour contribuer de mani\u00e8re significative \u00e0 la s\u00e9curit\u00e9 alimentaire et au d\u00e9veloppement durable au S\u00e9n\u00e9gal. Recherche de Partenaires et d&#8217;Investisseurs Afin de concr\u00e9tiser notre vision ambitieuse, nous lan\u00e7ons&#8230;<\/p>\n","protected":false},"author":1,"featured_media":0,"parent":0,"menu_order":0,"comment_status":"closed","ping_status":"closed","template":"custom-page.php","meta":{"footnotes":""},"class_list":["post-238","page","type-page","status-publish","hentry"," nt-post-class"],"yoast_head":"<!-- This site is optimized with the Yoast SEO plugin v24.7 - https:\/\/yoast.com\/wordpress\/plugins\/seo\/ -->\n<title>NAEI SARL | Investir au S\u00e9n\u00e9gal | Agro<\/title>\n<meta name=\"description\" content=\"NAEI SARL, une entreprise avec 50 ans d\u2019exp\u00e9rience dans la production agricole au S\u00e9n\u00e9gal. Exploitant 5.000 hectares \u00e0 travers\u00a0le\u00a0pays.\" \/>\n<meta name=\"robots\" content=\"index, follow, max-snippet:-1, max-image-preview:large, max-video-preview:-1\" \/>\n<link rel=\"canonical\" href=\"https:\/\/naeisarl.com\/index.php\/a-propos\/\" \/>\n<meta property=\"og:locale\" content=\"fr_FR\" \/>\n<meta property=\"og:type\" content=\"article\" \/>\n<meta property=\"og:title\" content=\"NAEI SARL | Investir au S\u00e9n\u00e9gal | Agro\" \/>\n<meta property=\"og:description\" content=\"NAEI SARL, une entreprise avec 50 ans d\u2019exp\u00e9rience dans la production agricole au S\u00e9n\u00e9gal. Exploitant 5.000 hectares \u00e0 travers\u00a0le\u00a0pays.\" \/>\n<meta property=\"og:url\" content=\"https:\/\/naeisarl.com\/index.php\/a-propos\/\" \/>\n<meta property=\"og:site_name\" content=\"nawel.futuradakar.com\" \/>\n<meta property=\"article:modified_time\" content=\"2024-03-18T15:21:45+00:00\" \/>\n<meta name=\"twitter:card\" content=\"summary_large_image\" \/>\n<meta name=\"twitter:label1\" content=\"Dur\u00e9e de lecture estim\u00e9e\" \/>\n\t<meta name=\"twitter:data1\" content=\"3 minutes\" \/>\n<script type=\"application\/ld+json\" class=\"yoast-schema-graph\">{\"@context\":\"https:\/\/schema.org\",\"@graph\":[{\"@type\":\"WebPage\",\"@id\":\"https:\/\/naeisarl.com\/index.php\/a-propos\/\",\"url\":\"https:\/\/naeisarl.com\/index.php\/a-propos\/\",\"name\":\"NAEI SARL | Investir au S\u00e9n\u00e9gal | Agro\",\"isPartOf\":{\"@id\":\"https:\/\/naeisarl.com\/#website\"},\"datePublished\":\"2019-02-05T07:05:06+00:00\",\"dateModified\":\"2024-03-18T15:21:45+00:00\",\"description\":\"NAEI SARL, une entreprise avec 50 ans d\u2019exp\u00e9rience dans la production agricole au S\u00e9n\u00e9gal. Exploitant 5.000 hectares \u00e0 travers\u00a0le\u00a0pays.\",\"breadcrumb\":{\"@id\":\"https:\/\/naeisarl.com\/index.php\/a-propos\/#breadcrumb\"},\"inLanguage\":\"fr-FR\",\"potentialAction\":[{\"@type\":\"ReadAction\",\"target\":[\"https:\/\/naeisarl.com\/index.php\/a-propos\/\"]}]},{\"@type\":\"BreadcrumbList\",\"@id\":\"https:\/\/naeisarl.com\/index.php\/a-propos\/#breadcrumb\",\"itemListElement\":[{\"@type\":\"ListItem\",\"position\":1,\"name\":\"Accueil\",\"item\":\"https:\/\/naeisarl.com\/\"},{\"@type\":\"ListItem\",\"position\":2,\"name\":\"\u00c0 PROPOS\"}]},{\"@type\":\"WebSite\",\"@id\":\"https:\/\/naeisarl.com\/#website\",\"url\":\"https:\/\/naeisarl.com\/\",\"name\":\"nawel.futuradakar.com\",\"description\":\"\",\"publisher\":{\"@id\":\"https:\/\/naeisarl.com\/#organization\"},\"potentialAction\":[{\"@type\":\"SearchAction\",\"target\":{\"@type\":\"EntryPoint\",\"urlTemplate\":\"https:\/\/naeisarl.com\/?s={search_term_string}\"},\"query-input\":{\"@type\":\"PropertyValueSpecification\",\"valueRequired\":true,\"valueName\":\"search_term_string\"}}],\"inLanguage\":\"fr-FR\"},{\"@type\":\"Organization\",\"@id\":\"https:\/\/naeisarl.com\/#organization\",\"name\":\"nawel.futuradakar.com\",\"url\":\"https:\/\/naeisarl.com\/\",\"logo\":{\"@type\":\"ImageObject\",\"inLanguage\":\"fr-FR\",\"@id\":\"https:\/\/naeisarl.com\/#\/schema\/logo\/image\/\",\"url\":\"https:\/\/naeisarl.com\/wp-content\/uploads\/2023\/12\/NAWEL-logo.png\",\"contentUrl\":\"https:\/\/naeisarl.com\/wp-content\/uploads\/2023\/12\/NAWEL-logo.png\",\"width\":200,\"height\":260,\"caption\":\"nawel.futuradakar.com\"},\"image\":{\"@id\":\"https:\/\/naeisarl.com\/#\/schema\/logo\/image\/\"}}]}<\/script>\n<!-- \/ Yoast SEO plugin. -->","yoast_head_json":{"title":"NAEI SARL | Investir au S\u00e9n\u00e9gal | Agro","description":"NAEI SARL, une entreprise avec 50 ans d\u2019exp\u00e9rience dans la production agricole au S\u00e9n\u00e9gal. Exploitant 5.000 hectares \u00e0 travers\u00a0le\u00a0pays.","robots":{"index":"index","follow":"follow","max-snippet":"max-snippet:-1","max-image-preview":"max-image-preview:large","max-video-preview":"max-video-preview:-1"},"canonical":"https:\/\/naeisarl.com\/index.php\/a-propos\/","og_locale":"fr_FR","og_type":"article","og_title":"NAEI SARL | Investir au S\u00e9n\u00e9gal | Agro","og_description":"NAEI SARL, une entreprise avec 50 ans d\u2019exp\u00e9rience dans la production agricole au S\u00e9n\u00e9gal. Exploitant 5.000 hectares \u00e0 travers\u00a0le\u00a0pays.","og_url":"https:\/\/naeisarl.com\/index.php\/a-propos\/","og_site_name":"nawel.futuradakar.com","article_modified_time":"2024-03-18T15:21:45+00:00","twitter_card":"summary_large_image","twitter_misc":{"Dur\u00e9e de lecture estim\u00e9e":"3 minutes"},"schema":{"@context":"https:\/\/schema.org","@graph":[{"@type":"WebPage","@id":"https:\/\/naeisarl.com\/index.php\/a-propos\/","url":"https:\/\/naeisarl.com\/index.php\/a-propos\/","name":"NAEI SARL | Investir au S\u00e9n\u00e9gal | Agro","isPartOf":{"@id":"https:\/\/naeisarl.com\/#website"},"datePublished":"2019-02-05T07:05:06+00:00","dateModified":"2024-03-18T15:21:45+00:00","description":"NAEI SARL, une entreprise avec 50 ans d\u2019exp\u00e9rience dans la production agricole au S\u00e9n\u00e9gal. Exploitant 5.000 hectares \u00e0 travers\u00a0le\u00a0pays.","breadcrumb":{"@id":"https:\/\/naeisarl.com\/index.php\/a-propos\/#breadcrumb"},"inLanguage":"fr-FR","potentialAction":[{"@type":"ReadAction","target":["https:\/\/naeisarl.com\/index.php\/a-propos\/"]}]},{"@type":"BreadcrumbList","@id":"https:\/\/naeisarl.com\/index.php\/a-propos\/#breadcrumb","itemListElement":[{"@type":"ListItem","position":1,"name":"Accueil","item":"https:\/\/naeisarl.com\/"},{"@type":"ListItem","position":2,"name":"\u00c0 PROPOS"}]},{"@type":"WebSite","@id":"https:\/\/naeisarl.com\/#website","url":"https:\/\/naeisarl.com\/","name":"nawel.futuradakar.com","description":"","publisher":{"@id":"https:\/\/naeisarl.com\/#organization"},"potentialAction":[{"@type":"SearchAction","target":{"@type":"EntryPoint","urlTemplate":"https:\/\/naeisarl.com\/?s={search_term_string}"},"query-input":{"@type":"PropertyValueSpecification","valueRequired":true,"valueName":"search_term_string"}}],"inLanguage":"fr-FR"},{"@type":"Organization","@id":"https:\/\/naeisarl.com\/#organization","name":"nawel.futuradakar.com","url":"https:\/\/naeisarl.com\/","logo":{"@type":"ImageObject","inLanguage":"fr-FR","@id":"https:\/\/naeisarl.com\/#\/schema\/logo\/image\/","url":"https:\/\/naeisarl.com\/wp-content\/uploads\/2023\/12\/NAWEL-logo.png","contentUrl":"https:\/\/naeisarl.com\/wp-content\/uploads\/2023\/12\/NAWEL-logo.png","width":200,"height":260,"caption":"nawel.futuradakar.com"},"image":{"@id":"https:\/\/naeisarl.com\/#\/schema\/logo\/image\/"}}]}},"_links":{"self":[{"href":"https:\/\/naeisarl.com\/index.php\/wp-json\/wp\/v2\/pages\/238","targetHints":{"allow":["GET"]}}],"collection":[{"href":"https:\/\/naeisarl.com\/index.php\/wp-json\/wp\/v2\/pages"}],"about":[{"href":"https:\/\/naeisarl.com\/index.php\/wp-json\/wp\/v2\/types\/page"}],"author":[{"embeddable":true,"href":"https:\/\/naeisarl.com\/index.php\/wp-json\/wp\/v2\/users\/1"}],"replies":[{"embeddable":true,"href":"https:\/\/naeisarl.com\/index.php\/wp-json\/wp\/v2\/comments?post=238"}],"version-history":[{"count":7,"href":"https:\/\/naeisarl.com\/index.php\/wp-json\/wp\/v2\/pages\/238\/revisions"}],"predecessor-version":[{"id":1420,"href":"https:\/\/naeisarl.com\/index.php\/wp-json\/wp\/v2\/pages\/238\/revisions\/1420"}],"wp:attachment":[{"href":"https:\/\/naeisarl.com\/index.php\/wp-json\/wp\/v2\/media?parent=238"}],"curies":[{"name":"wp","href":"https:\/\/api.w.org\/{rel}","templated":true}]}}