{"id":322,"date":"2019-02-05T16:34:32","date_gmt":"2019-02-05T16:34:32","guid":{"rendered":"https:\/\/ninetheme.com\/themes\/agro\/?page_id=322"},"modified":"2024-03-12T14:57:29","modified_gmt":"2024-03-12T14:57:29","slug":"contact","status":"publish","type":"page","link":"https:\/\/naeisarl.com\/index.php\/contact\/","title":{"rendered":"Contact"},"content":{"rendered":"<div class=\"wpb-content-wrapper\">[vc_row full_width=&#8221;container-null&#8221;][vc_column agro_disable_column=&#8221;yes&#8221;]<div id=\"hero\" class=\"nt-shortcode-hero jarallax section_69fb456fca8ae vc_custom_1703719153462\" data-speed=\"0.7\" data-img-position=\"50% 80%\" data-res-css=\"          \"><div class=\"container\"><div class=\"row\"><div class=\"col-12 col-lg-7 \"><h1 class=\"__title\"><span>NAEI SARL<\/span> CONTACTEZ-NOUS<\/h1><div class=\"shortcode-page-breadcrumbs breadcrumb\"><div class=\"nt-breadcrumbs\"><ul class=\"nt-breadcrumbs-list\"><li class=\"bitem\"><span><a class=\"breadcrumbs__link\" href=\"https:\/\/naeisarl.com\/\"><span>Home<\/span><\/a><\/span><\/li><\/ul><\/div><\/div><\/div><\/div><\/div><\/div>[\/vc_column][\/vc_row][vc_row full_width=&#8221;container-null&#8221;][vc_column agro_disable_column=&#8221;yes&#8221;]<div class=\"section section_69fb456fcad6e\" data-res-css=\"  \"><div class=\"container\"><div class=\"company-contacts text-center\"><div class=\"__inner\"><div class=\"row justify-content-around\"><div class=\"col-12 col-md-4 col-lg-3\"><div class=\"__item\"><i class=\"__ico fontello-location\"><\/i><h4 class=\"__title\">ADRESSE<\/h4><p>Dagana, R\u00e9gion de Saint Louis - SN<\/p><\/div><\/div><div class=\"col-12 col-md-4 col-lg-3\"><div class=\"__item\"><i class=\"__ico fontello-phone\"><\/i><h4 class=\"__title\">PHONE<\/h4><p><a href=\"tel:+221773335410\">(+221) 77 333 54 10<\/a> \/ <a href=\"tel:+221768177571\">76 817 75 71<\/a><\/p><\/div><\/div><div class=\"col-12 col-md-4 col-lg-3\"><div class=\"__item\"><i class=\"__ico fontello-mail-1\"><\/i><h4 class=\"__title\">E-MAIL<\/h4><p>info(@)naeisarl.sn\nmouhamadouabdoulayembacke(@)naeisarl.sn<\/p><\/div><\/div><\/div><\/div><\/div><\/div><\/div>[\/vc_column][\/vc_row][vc_row full_width=&#8221;stretch_row&#8221; gap=&#8221;35&#8243;][vc_column agro_disable_column=&#8221;yes&#8221;][vc_row_inner][vc_column_inner width=&#8221;1\/2&#8243;][vc_column_text]\n<h3>Formulaire de contact<\/h3>\n\n<div class=\"wpcf7 no-js\" id=\"wpcf7-f940-o1\" lang=\"en-US\" dir=\"ltr\" data-wpcf7-id=\"940\">\n<div class=\"screen-reader-response\"><p role=\"status\" aria-live=\"polite\" aria-atomic=\"true\"><\/p> <ul><\/ul><\/div>\n<form action=\"\/index.php\/wp-json\/wp\/v2\/pages\/322#wpcf7-f940-o1\" method=\"post\" class=\"wpcf7-form init\" aria-label=\"Contact form\" novalidate=\"novalidate\" data-status=\"init\">\n<div style=\"display: none;\">\n<input type=\"hidden\" name=\"_wpcf7\" value=\"940\" \/>\n<input type=\"hidden\" name=\"_wpcf7_version\" value=\"6.0.5\" \/>\n<input type=\"hidden\" name=\"_wpcf7_locale\" value=\"en_US\" \/>\n<input type=\"hidden\" name=\"_wpcf7_unit_tag\" value=\"wpcf7-f940-o1\" \/>\n<input type=\"hidden\" name=\"_wpcf7_container_post\" value=\"0\" \/>\n<input type=\"hidden\" name=\"_wpcf7_posted_data_hash\" value=\"\" \/>\n<\/div>\n<div class=\"contact-form js-contact-form\" data-aos=\"fade\">\n\t<div class=\"row\">\n\t\t<div class=\"col-12 col-md-6\">\n\t\t\t<div class=\"input-wrp\">\n\t\t\t\t<p><span class=\"wpcf7-form-control-wrap\" data-name=\"text-787\"><input size=\"40\" maxlength=\"400\" class=\"wpcf7-form-control wpcf7-text wpcf7-validates-as-required textfield\" aria-required=\"true\" aria-invalid=\"false\" placeholder=\"Nom complet *\" value=\"\" type=\"text\" name=\"text-787\" \/><\/span>\n\t\t\t\t<\/p>\n\t\t\t<\/div>\n\t\t<\/div>\n\t\t<div class=\"col-12 col-md-6\">\n\t\t\t<div class=\"input-wrp\">\n\t\t\t\t<p><span class=\"wpcf7-form-control-wrap\" data-name=\"text-787\"><input size=\"40\" maxlength=\"400\" class=\"wpcf7-form-control wpcf7-text wpcf7-validates-as-required textfield\" aria-required=\"true\" aria-invalid=\"false\" placeholder=\"E-mail *\" value=\"\" type=\"text\" name=\"text-787\" \/><\/span>\n\t\t\t\t<\/p>\n\t\t\t<\/div>\n\t\t<\/div>\n\t<\/div>\n\t<div class=\"row\">\n\t\t<div class=\"col-12 col-md-6\">\n\t\t\t<div class=\"input-wrp\">\n\t\t\t\t<p><span class=\"wpcf7-form-control-wrap\" data-name=\"phone\"><input class=\"wpcf7-form-control wpcf7-number wpcf7-validates-as-required wpcf7-validates-as-number textfield\" aria-required=\"true\" aria-invalid=\"false\" placeholder=\"T\u00e9l\u00e9phone *\" value=\"\" type=\"number\" name=\"phone\" \/><\/span>\n\t\t\t\t<\/p>\n\t\t\t<\/div>\n\t\t<\/div>\n\t\t<div class=\"col-12 col-md-6\">\n\t\t\t<div class=\"input-wrp\">\n\t\t\t\t<p><span class=\"wpcf7-form-control-wrap\" data-name=\"company\"><input size=\"40\" maxlength=\"400\" class=\"wpcf7-form-control wpcf7-text wpcf7-validates-as-required textfield\" aria-required=\"true\" aria-invalid=\"false\" placeholder=\"Soci\u00e9t\u00e9\" value=\"\" type=\"text\" name=\"company\" \/><\/span>\n\t\t\t\t<\/p>\n\t\t\t<\/div>\n\t\t<\/div>\n\t<\/div>\n\t<div class=\"input-wrp\">\n\t\t<p><span class=\"wpcf7-form-control-wrap\" data-name=\"textarea-212\"><textarea cols=\"10\" rows=\"2\" maxlength=\"2000\" class=\"wpcf7-form-control wpcf7-textarea wpcf7-validates-as-required textfield\" aria-required=\"true\" aria-invalid=\"false\" placeholder=\"Message *\" name=\"textarea-212\"><\/textarea><\/span>\n\t\t<\/p>\n\t<\/div>\n\t<p><input class=\"wpcf7-form-control wpcf7-submit has-spinner custom-btn custom-btn--medium custom-btn--style-3 wide\" type=\"submit\" value=\"Envoyez\" \/>\n\t<\/p>\n<\/div><div class=\"wpcf7-response-output\" aria-hidden=\"true\"><\/div>\n<\/form>\n<\/div>\n[\/vc_column_text][\/vc_column_inner][vc_column_inner width=&#8221;1\/2&#8243;][vc_gmaps link=&#8221;#E-8_JTNDaWZyYW1lJTIwc3JjJTNEJTIyaHR0cHMlM0ElMkYlMkZ3d3cuZ29vZ2xlLmNvbSUyRm1hcHMlMkZlbWJlZCUzRnBiJTNEJTIxMW0xNCUyMTFtOCUyMTFtMyUyMTFkMzA2MDEuNzk3NzQ3MTAyMTMzJTIxMmQtMTUuNTAzOTE5JTIxM2QxNi41MTQ3NDklMjEzbTIlMjExaTEwMjQlMjEyaTc2OCUyMTRmMTMuMSUyMTNtMyUyMTFtMiUyMTFzMHhlOTRlZGUyZWE1MTEwY2IlMjUzQTB4ZGYwMmJlMzI5M2YyYmU0NiUyMTJzRGFnYW5hJTIxNWUwJTIxM20yJTIxMXNmciUyMTJzc24lMjE0djE3MDM3MTk4NzQ1OTQlMjE1bTIlMjExc2ZyJTIxMnNzbiUyMiUyMHdpZHRoJTNEJTIyNjAwJTIyJTIwaGVpZ2h0JTNEJTIyNDUwJTIyJTIwc3R5bGUlM0QlMjJib3JkZXIlM0EwJTNCJTIyJTIwYWxsb3dmdWxsc2NyZWVuJTNEJTIyJTIyJTIwbG9hZGluZyUzRCUyMmxhenklMjIlMjByZWZlcnJlcnBvbGljeSUzRCUyMm5vLXJlZmVycmVyLXdoZW4tZG93bmdyYWRlJTIyJTNFJTNDJTJGaWZyYW1lJTNF&#8221;][\/vc_column_inner][\/vc_row_inner][\/vc_column][\/vc_row]\n<\/div>","protected":false},"excerpt":{"rendered":"<p>[vc_row full_width=&#8221;container-null&#8221;][vc_column agro_disable_column=&#8221;yes&#8221;][\/vc_column][\/vc_row][vc_row full_width=&#8221;container-null&#8221;][vc_column agro_disable_column=&#8221;yes&#8221;][\/vc_column][\/vc_row][vc_row full_width=&#8221;stretch_row&#8221; gap=&#8221;35&#8243;][vc_column agro_disable_column=&#8221;yes&#8221;][vc_row_inner][vc_column_inner width=&#8221;1\/2&#8243;][vc_column_text] Formulaire de contact [\/vc_column_text][\/vc_column_inner][vc_column_inner width=&#8221;1\/2&#8243;][vc_gmaps link=&#8221;#E-8_JTNDaWZyYW1lJTIwc3JjJTNEJTIyaHR0cHMlM0ElMkYlMkZ3d3cuZ29vZ2xlLmNvbSUyRm1hcHMlMkZlbWJlZCUzRnBiJTNEJTIxMW0xNCUyMTFtOCUyMTFtMyUyMTFkMzA2MDEuNzk3NzQ3MTAyMTMzJTIxMmQtMTUuNTAzOTE5JTIxM2QxNi41MTQ3NDklMjEzbTIlMjExaTEwMjQlMjEyaTc2OCUyMTRmMTMuMSUyMTNtMyUyMTFtMiUyMTFzMHhlOTRlZGUyZWE1MTEwY2IlMjUzQTB4ZGYwMmJlMzI5M2YyYmU0NiUyMTJzRGFnYW5hJTIxNWUwJTIxM20yJTIxMXNmciUyMTJzc24lMjE0djE3MDM3MTk4NzQ1OTQlMjE1bTIlMjExc2ZyJTIxMnNzbiUyMiUyMHdpZHRoJTNEJTIyNjAwJTIyJTIwaGVpZ2h0JTNEJTIyNDUwJTIyJTIwc3R5bGUlM0QlMjJib3JkZXIlM0EwJTNCJTIyJTIwYWxsb3dmdWxsc2NyZWVuJTNEJTIyJTIyJTIwbG9hZGluZyUzRCUyMmxhenklMjIlMjByZWZlcnJlcnBvbGljeSUzRCUyMm5vLXJlZmVycmVyLXdoZW4tZG93bmdyYWRlJTIyJTNFJTNDJTJGaWZyYW1lJTNF&#8221;][\/vc_column_inner][\/vc_row_inner][\/vc_column][\/vc_row]<\/p>\n","protected":false},"author":1,"featured_media":0,"parent":0,"menu_order":0,"comment_status":"closed","ping_status":"closed","template":"custom-page.php","meta":{"footnotes":""},"class_list":["post-322","page","type-page","status-publish","hentry"," nt-post-class"],"yoast_head":"<!-- This site is optimized with the Yoast SEO plugin v24.7 - https:\/\/yoast.com\/wordpress\/plugins\/seo\/ -->\n<title>Contactez NAEI SARL | Agro-Business au S\u00e9n\u00e9gal | Cultiver la croissance<\/title>\n<meta name=\"description\" content=\"Pour toute question, partenariat ou investissement, contactez notre \u00e9quipe d\u2019agripreneurs. Nous sommes pr\u00eats \u00e0 cultiver l\u2019avenir ensemble.\" \/>\n<meta name=\"robots\" content=\"index, follow, max-snippet:-1, max-image-preview:large, max-video-preview:-1\" \/>\n<link rel=\"canonical\" href=\"https:\/\/naeisarl.com\/index.php\/contact\/\" \/>\n<meta property=\"og:locale\" content=\"fr_FR\" \/>\n<meta property=\"og:type\" content=\"article\" \/>\n<meta property=\"og:title\" content=\"Contactez NAEI SARL | Agro-Business au S\u00e9n\u00e9gal | Cultiver la croissance\" \/>\n<meta property=\"og:description\" content=\"Pour toute question, partenariat ou investissement, contactez notre \u00e9quipe d\u2019agripreneurs. Nous sommes pr\u00eats \u00e0 cultiver l\u2019avenir ensemble.\" \/>\n<meta property=\"og:url\" content=\"https:\/\/naeisarl.com\/index.php\/contact\/\" \/>\n<meta property=\"og:site_name\" content=\"nawel.futuradakar.com\" \/>\n<meta property=\"article:modified_time\" content=\"2024-03-12T14:57:29+00:00\" \/>\n<meta name=\"twitter:card\" content=\"summary_large_image\" \/>\n<meta name=\"twitter:label1\" content=\"Dur\u00e9e de lecture estim\u00e9e\" \/>\n\t<meta name=\"twitter:data1\" content=\"1 minute\" \/>\n<script type=\"application\/ld+json\" class=\"yoast-schema-graph\">{\"@context\":\"https:\/\/schema.org\",\"@graph\":[{\"@type\":\"WebPage\",\"@id\":\"https:\/\/naeisarl.com\/index.php\/contact\/\",\"url\":\"https:\/\/naeisarl.com\/index.php\/contact\/\",\"name\":\"Contactez NAEI SARL | Agro-Business au S\u00e9n\u00e9gal | Cultiver la croissance\",\"isPartOf\":{\"@id\":\"https:\/\/naeisarl.com\/#website\"},\"datePublished\":\"2019-02-05T16:34:32+00:00\",\"dateModified\":\"2024-03-12T14:57:29+00:00\",\"description\":\"Pour toute question, partenariat ou investissement, contactez notre \u00e9quipe d\u2019agripreneurs. Nous sommes pr\u00eats \u00e0 cultiver l\u2019avenir ensemble.\",\"breadcrumb\":{\"@id\":\"https:\/\/naeisarl.com\/index.php\/contact\/#breadcrumb\"},\"inLanguage\":\"fr-FR\",\"potentialAction\":[{\"@type\":\"ReadAction\",\"target\":[\"https:\/\/naeisarl.com\/index.php\/contact\/\"]}]},{\"@type\":\"BreadcrumbList\",\"@id\":\"https:\/\/naeisarl.com\/index.php\/contact\/#breadcrumb\",\"itemListElement\":[{\"@type\":\"ListItem\",\"position\":1,\"name\":\"Accueil\",\"item\":\"https:\/\/naeisarl.com\/\"},{\"@type\":\"ListItem\",\"position\":2,\"name\":\"Contact\"}]},{\"@type\":\"WebSite\",\"@id\":\"https:\/\/naeisarl.com\/#website\",\"url\":\"https:\/\/naeisarl.com\/\",\"name\":\"nawel.futuradakar.com\",\"description\":\"\",\"publisher\":{\"@id\":\"https:\/\/naeisarl.com\/#organization\"},\"potentialAction\":[{\"@type\":\"SearchAction\",\"target\":{\"@type\":\"EntryPoint\",\"urlTemplate\":\"https:\/\/naeisarl.com\/?s={search_term_string}\"},\"query-input\":{\"@type\":\"PropertyValueSpecification\",\"valueRequired\":true,\"valueName\":\"search_term_string\"}}],\"inLanguage\":\"fr-FR\"},{\"@type\":\"Organization\",\"@id\":\"https:\/\/naeisarl.com\/#organization\",\"name\":\"nawel.futuradakar.com\",\"url\":\"https:\/\/naeisarl.com\/\",\"logo\":{\"@type\":\"ImageObject\",\"inLanguage\":\"fr-FR\",\"@id\":\"https:\/\/naeisarl.com\/#\/schema\/logo\/image\/\",\"url\":\"https:\/\/naeisarl.com\/wp-content\/uploads\/2023\/12\/NAWEL-logo.png\",\"contentUrl\":\"https:\/\/naeisarl.com\/wp-content\/uploads\/2023\/12\/NAWEL-logo.png\",\"width\":200,\"height\":260,\"caption\":\"nawel.futuradakar.com\"},\"image\":{\"@id\":\"https:\/\/naeisarl.com\/#\/schema\/logo\/image\/\"}}]}<\/script>\n<!-- \/ Yoast SEO plugin. -->","yoast_head_json":{"title":"Contactez NAEI SARL | Agro-Business au S\u00e9n\u00e9gal | Cultiver la croissance","description":"Pour toute question, partenariat ou investissement, contactez notre \u00e9quipe d\u2019agripreneurs. Nous sommes pr\u00eats \u00e0 cultiver l\u2019avenir ensemble.","robots":{"index":"index","follow":"follow","max-snippet":"max-snippet:-1","max-image-preview":"max-image-preview:large","max-video-preview":"max-video-preview:-1"},"canonical":"https:\/\/naeisarl.com\/index.php\/contact\/","og_locale":"fr_FR","og_type":"article","og_title":"Contactez NAEI SARL | Agro-Business au S\u00e9n\u00e9gal | Cultiver la croissance","og_description":"Pour toute question, partenariat ou investissement, contactez notre \u00e9quipe d\u2019agripreneurs. Nous sommes pr\u00eats \u00e0 cultiver l\u2019avenir ensemble.","og_url":"https:\/\/naeisarl.com\/index.php\/contact\/","og_site_name":"nawel.futuradakar.com","article_modified_time":"2024-03-12T14:57:29+00:00","twitter_card":"summary_large_image","twitter_misc":{"Dur\u00e9e de lecture estim\u00e9e":"1 minute"},"schema":{"@context":"https:\/\/schema.org","@graph":[{"@type":"WebPage","@id":"https:\/\/naeisarl.com\/index.php\/contact\/","url":"https:\/\/naeisarl.com\/index.php\/contact\/","name":"Contactez NAEI SARL | Agro-Business au S\u00e9n\u00e9gal | Cultiver la croissance","isPartOf":{"@id":"https:\/\/naeisarl.com\/#website"},"datePublished":"2019-02-05T16:34:32+00:00","dateModified":"2024-03-12T14:57:29+00:00","description":"Pour toute question, partenariat ou investissement, contactez notre \u00e9quipe d\u2019agripreneurs. Nous sommes pr\u00eats \u00e0 cultiver l\u2019avenir ensemble.","breadcrumb":{"@id":"https:\/\/naeisarl.com\/index.php\/contact\/#breadcrumb"},"inLanguage":"fr-FR","potentialAction":[{"@type":"ReadAction","target":["https:\/\/naeisarl.com\/index.php\/contact\/"]}]},{"@type":"BreadcrumbList","@id":"https:\/\/naeisarl.com\/index.php\/contact\/#breadcrumb","itemListElement":[{"@type":"ListItem","position":1,"name":"Accueil","item":"https:\/\/naeisarl.com\/"},{"@type":"ListItem","position":2,"name":"Contact"}]},{"@type":"WebSite","@id":"https:\/\/naeisarl.com\/#website","url":"https:\/\/naeisarl.com\/","name":"nawel.futuradakar.com","description":"","publisher":{"@id":"https:\/\/naeisarl.com\/#organization"},"potentialAction":[{"@type":"SearchAction","target":{"@type":"EntryPoint","urlTemplate":"https:\/\/naeisarl.com\/?s={search_term_string}"},"query-input":{"@type":"PropertyValueSpecification","valueRequired":true,"valueName":"search_term_string"}}],"inLanguage":"fr-FR"},{"@type":"Organization","@id":"https:\/\/naeisarl.com\/#organization","name":"nawel.futuradakar.com","url":"https:\/\/naeisarl.com\/","logo":{"@type":"ImageObject","inLanguage":"fr-FR","@id":"https:\/\/naeisarl.com\/#\/schema\/logo\/image\/","url":"https:\/\/naeisarl.com\/wp-content\/uploads\/2023\/12\/NAWEL-logo.png","contentUrl":"https:\/\/naeisarl.com\/wp-content\/uploads\/2023\/12\/NAWEL-logo.png","width":200,"height":260,"caption":"nawel.futuradakar.com"},"image":{"@id":"https:\/\/naeisarl.com\/#\/schema\/logo\/image\/"}}]}},"_links":{"self":[{"href":"https:\/\/naeisarl.com\/index.php\/wp-json\/wp\/v2\/pages\/322","targetHints":{"allow":["GET"]}}],"collection":[{"href":"https:\/\/naeisarl.com\/index.php\/wp-json\/wp\/v2\/pages"}],"about":[{"href":"https:\/\/naeisarl.com\/index.php\/wp-json\/wp\/v2\/types\/page"}],"author":[{"embeddable":true,"href":"https:\/\/naeisarl.com\/index.php\/wp-json\/wp\/v2\/users\/1"}],"replies":[{"embeddable":true,"href":"https:\/\/naeisarl.com\/index.php\/wp-json\/wp\/v2\/comments?post=322"}],"version-history":[{"count":5,"href":"https:\/\/naeisarl.com\/index.php\/wp-json\/wp\/v2\/pages\/322\/revisions"}],"predecessor-version":[{"id":1153,"href":"https:\/\/naeisarl.com\/index.php\/wp-json\/wp\/v2\/pages\/322\/revisions\/1153"}],"wp:attachment":[{"href":"https:\/\/naeisarl.com\/index.php\/wp-json\/wp\/v2\/media?parent=322"}],"curies":[{"name":"wp","href":"https:\/\/api.w.org\/{rel}","templated":true}]}}