{"id":957,"date":"2023-12-21T12:52:02","date_gmt":"2023-12-21T12:52:02","guid":{"rendered":"https:\/\/naeisarl.com\/?page_id=957"},"modified":"2024-03-18T15:25:33","modified_gmt":"2024-03-18T15:25:33","slug":"structures-et-installations","status":"publish","type":"page","link":"https:\/\/naeisarl.com\/index.php\/structures-et-installations\/","title":{"rendered":"STRUCTURES ET INSTALLATIONS"},"content":{"rendered":"<div class=\"wpb-content-wrapper\">[vc_row full_width=&#8221;container-null&#8221;][vc_column agro_disable_column=&#8221;yes&#8221;]<div id=\"hero\" class=\"nt-shortcode-hero jarallax section_69fb44de23fbf vc_custom_1703926410028\" data-speed=\"0.7\" data-img-position=\"50% 80%\" data-res-css=\"          \"><div class=\"container\"><div class=\"row\"><div class=\"col-12 col-lg-7 \"><h1 class=\"__title\"><span>AGRO<\/span> SERVICES<\/h1><p class=\"nt-hero-desc\">Nous sommes fiers de vous pr\u00e9senter les \u00e9l\u00e9ments essentiels qui alimentent notre r\u00e9ussite op\u00e9rationnelle au quotidien.<\/p><div class=\"shortcode-page-breadcrumbs breadcrumb\"><div class=\"nt-breadcrumbs\"><ul class=\"nt-breadcrumbs-list\"><li class=\"bitem\"><span><a class=\"breadcrumbs__link\" href=\"https:\/\/naeisarl.com\/\"><span>Home<\/span><\/a><\/span><\/li><\/ul><\/div><\/div><\/div><\/div><\/div><\/div>[\/vc_column][\/vc_row][vc_row full_width=&#8221;container-null&#8221;][vc_column agro_disable_column=&#8221;yes&#8221;]<div class=\"section item_69fb44de24599\" data-res-css=\"             \"><div class=\"container\"><div class=\"row\"><div class=\"col-12 col-lg-6\"><h2 class=\"info-heading\">MAT\u00c9RIEL <span>AGRICOLE<\/span><\/h2><strong>Notre flotte de mat\u00e9riel agricole comprend 15 tracteurs \u00e9quip\u00e9s, utilis\u00e9s pour le travail du sol et le transport de la production. Pour la r\u00e9colte du riz, nous mettons \u00e0 disposition 4 moissonneuses batteuses, tandis que 4 batteuses \u00e0 poste fixe sont d\u00e9di\u00e9es au battage du mil. Nos 20 groupes motopompes assurent l&#8217;irrigation n\u00e9cessaire des parcelles.<\/strong><\/p>\n<p>Le transport de la production est pris en charge par nos 4 camions, tandis que 8 v\u00e9hicules sont affect\u00e9s au d\u00e9placement du personnel. En ce qui concerne le stockage, nous disposons de 5 magasins et 10 hangars pour garantir la conservation optimale de la production et du mat\u00e9riel agricole.<\/p>\n<p>Ces infrastructures, fruits d&#8217;investissements strat\u00e9giques, illustrent notre engagement envers une exploitation agricole efficiente et durable. Chez NAEI SARL, nous mettons un point d&#8217;honneur \u00e0 fournir des solutions concr\u00e8tes qui favorisent la croissance agricole au S\u00e9n\u00e9gal.<p><a class=\"custom-btn custom-btn--medium custom-btn--style-1\" href=\"https:\/\/naeisarl.com\/index.php\/a-propos\/\">\u00c0 PROPOS<\/a><\/p><\/div><div class=\"col-12 my-3 d-lg-none\"><\/div><div class=\"col-12 col-lg-6\"><img decoding=\"async\" src=\"https:\/\/naeisarl.com\/wp-content\/uploads\/2023\/12\/NAWEL_strctures_bloc01.jpg\" class=\"img-fluid\" alt=\"NAWEL_strctures_bloc01.jpg\"><\/div><\/div><\/div><\/div>[\/vc_column][\/vc_row][vc_row full_width=&#8221;container-null&#8221;][vc_column agro_disable_column=&#8221;yes&#8221;]<div class=\"section section--gutter section--base-bg counter_69fb44de24918\" data-res-css=\"        \">\n                <div class=\"container\">\n                    <div class=\"counter\">\n                        <div class=\"__inner\">\n                            <div class=\"row justify-content-sm-center\"><div class=\"col-12 col-sm-8 col-md-6 col-lg-5 col-xl-3\"><div class=\"__item\" data-aos=\"\" data-aos-delay=\"\" data-aos-offset=\"\"><div class=\"d-table\"><div class=\"d-table-cell align-middle\"><i class=\"__ico\"><img decoding=\"async\" src=\"https:\/\/naeisarl.com\/wp-content\/uploads\/2019\/02\/ico_count_1.png\" class=\"img-fluid\" alt=\"ico_count_1.png\"><\/i><\/div><div class=\"d-table-cell align-middle\"><p class=\"__count js-count\" data-from=\"0\" data-to=\"4800\">4800<\/p><p class=\"__title\">Tonnes annuelles<\/p><\/div><\/div><\/div><\/div><div class=\"col-12 col-sm-8 col-md-6 col-lg-5 col-xl-3\"><div class=\"__item\" data-aos=\"\" data-aos-delay=\"\" data-aos-offset=\"\"><div class=\"d-table\"><div class=\"d-table-cell align-middle\"><i class=\"__ico\"><img decoding=\"async\" src=\"https:\/\/naeisarl.com\/wp-content\/uploads\/2019\/02\/ico_count_3.png\" class=\"img-fluid\" alt=\"ico_count_3.png\"><\/i><\/div><div class=\"d-table-cell align-middle\"><p class=\"__count js-count\" data-from=\"0\" data-to=\"2000\">2000<\/p><p class=\"__title\">Hectares exploit\u00e9s<\/p><\/div><\/div><\/div><\/div><div class=\"col-12 col-sm-8 col-md-6 col-lg-5 col-xl-3\"><div class=\"__item\" data-aos=\"\" data-aos-delay=\"\" data-aos-offset=\"\"><div class=\"d-table\"><div class=\"d-table-cell align-middle\"><i class=\"__ico\"><img decoding=\"async\" src=\"https:\/\/naeisarl.com\/wp-content\/uploads\/2019\/02\/ico_count_3.png\" class=\"img-fluid\" alt=\"ico_count_3.png\"><\/i><\/div><div class=\"d-table-cell align-middle\"><p class=\"__count js-count\" data-from=\"0\" data-to=\"5000\">5000<\/p><p class=\"__title\">Hectares disponibles<\/p><\/div><\/div><\/div><\/div><div class=\"col-12 col-sm-8 col-md-6 col-lg-5 col-xl-3\"><div class=\"__item\" data-aos=\"\" data-aos-delay=\"\" data-aos-offset=\"\"><div class=\"d-table\"><div class=\"d-table-cell align-middle\"><i class=\"__ico\"><img decoding=\"async\" src=\"https:\/\/naeisarl.com\/wp-content\/uploads\/2019\/02\/ico_count_4.png\" class=\"img-fluid\" alt=\"ico_count_4.png\"><\/i><\/div><div class=\"d-table-cell align-middle\"><p class=\"__count js-count\" data-from=\"0\" data-to=\"55\">55<\/p><p class=\"__title\">Unit\u00e9s Techniques<\/p><\/div><\/div><\/div><\/div><\/div>\n                    <\/div>\n                <\/div>\n            <\/div>\n        <\/div>[\/vc_column][\/vc_row][vc_row full_width=&#8221;container-null&#8221;][vc_column agro_disable_column=&#8221;yes&#8221;]<div class=\"section item_69fb44de25148\" data-res-css=\"             \"><div class=\"container\"><div class=\"row\"><div class=\"col-12 col-lg-6\"><h2 class=\"info-heading\">MAIN <span>D\u2019\u0152UVRE<\/span><\/h2><strong>Avec 200 employ\u00e9s en main-d&#8217;\u0153uvre permanente et une moyenne annuelle de 1 000 employ\u00e9s en main-d&#8217;\u0153uvre temporaire, nous sommes d\u00e9termin\u00e9s \u00e0 promouvoir une agriculture prosp\u00e8re et durable.<\/strong><\/p>\n<p>Notre personnel travaille avec passion sur des terres diversifi\u00e9es, englobant des superficies en grandes cultures telles que l&#8217;arachide, le mil, le ma\u00efs, le sorgho et les past\u00e8ques \u00e0 l&#8217;int\u00e9rieur du pays et en pluvial. Nous \u00e9tendons notre expertise aux superficies cultiv\u00e9es en irrigu\u00e9, o\u00f9 nous nous consacrons \u00e0 des cultures vari\u00e9es telles que le riz, le gombo, la pomme de terre, le melon, le piment, la carotte, le jaxatu, l&#8217;aubergine et le ma\u00efs doux.<\/p>\n<p>Chez NAEI SARL, notre personnel incarne notre engagement envers l&#8217;efficacit\u00e9, la durabilit\u00e9 et l&#8217;innovation. Chaque membre de notre \u00e9quipe contribue de mani\u00e8re significative \u00e0 la croissance de notre entreprise et \u00e0 la promotion d&#8217;une agriculture qui r\u00e9pond aux d\u00e9fis actuels tout en respectant les ressources naturelles.<p><a class=\"custom-btn custom-btn--medium custom-btn--style-1\" href=\"https:\/\/naeisarl.com\/index.php\/nos-produits\/\">NOS PRODUITS<\/a><\/p><\/div><div class=\"col-12 my-3 d-lg-none\"><\/div><div class=\"col-12 col-lg-6\"><img decoding=\"async\" src=\"https:\/\/naeisarl.com\/wp-content\/uploads\/2023\/12\/NAWEL_strctures_bloc02.jpg\" class=\"img-fluid\" alt=\"NAWEL_strctures_bloc02.jpg\"><\/div><\/div><\/div><\/div>[\/vc_column][\/vc_row][vc_row full_width=&#8221;container-null&#8221;][vc_column agro_disable_column=&#8221;yes&#8221;]<div class=\"section section--no-pb jarallax item_69fb44de2544c\" data-speed=\"0.4\" data-img-position=\"50% 65%\" data-res-css=\"        \"><img decoding=\"async\" src=\"https:\/\/naeisarl.com\/wp-content\/uploads\/2023\/12\/NAWEL_structures_bloc03bg.jpg\" class=\"jarallax-img\" alt=\"NAWEL_structures_bloc03bg.jpg\"><div class=\"container\"><div class=\"section-heading section-heading--center section-heading--white\" data-aos=\"fade\"><h2 class=\"__title\">INNOVATION <span>ET DURABILIT\u00c9<\/span><\/h2><\/div><div class=\"simple-text-block simple-text-block--no-pb\"><div class=\"row justify-content-md-center\"><div class=\"col-12 col-md-11\"><div class=\"row justify-content-lg-between no-gutters\"><div class=\"col-12 col-lg-5\"><img decoding=\"async\" src=\"https:\/\/naeisarl.com\/wp-content\/uploads\/2023\/12\/NAWEL_structures_bloc03.jpg\" class=\"img-fluid\" alt=\"NAWEL_structures_bloc03.jpg\"><\/div><div class=\"col-12 my-3 d-lg-none\"><\/div><div class=\"col-12 col-lg-6\"><div class=\"js-slick slick_69fb44de2544d\" data-slick='{\"autoplay\": false, \"arrows\": false, \"dots\": false, \"pauseOnHover\": false, \"speed\": 1000}'><div class=\"__item\"><h3>IRRIGATION  <span>ET PRODUCTIVIT\u00c9 AGRICOLE<\/span><\/h3><p><strong>Notre engagement envers une agriculture durable et performante se refl\u00e8te dans les technologies que nous utilisons pour optimiser la croissance de nos cultures. <\/strong><\/p>\n<p>Au c\u0153ur de notre approche, se trouvent nos 20 groupes motopompe d\u00e9ploy\u00e9s pour l'irrigation de parcelles sp\u00e9cifiques. <\/p>\n<p>Ces syst\u00e8mes d'irrigation jouent un r\u00f4le crucial dans la culture de sp\u00e9culations diversifi\u00e9es, allant du riz au gombo, de la pomme de terre au melon, du piment \u00e0 la carotte, du jaxatu \u00e0 l'aubergine, en passant par le ma\u00efs doux. Gr\u00e2ce \u00e0 une utilisation efficace des ressources en eau, nous veillons \u00e0 ce que chaque culture b\u00e9n\u00e9ficie du niveau d'humidit\u00e9 id\u00e9al pour assurer une croissance saine et une r\u00e9colte abondante.<\/p>\n<\/div><\/div><\/div><\/div><\/div><\/div><\/div><\/div><\/div>[\/vc_column][\/vc_row]\n<\/div>","protected":false},"excerpt":{"rendered":"<p>[vc_row full_width=&#8221;container-null&#8221;][vc_column agro_disable_column=&#8221;yes&#8221;][\/vc_column][\/vc_row][vc_row full_width=&#8221;container-null&#8221;][vc_column agro_disable_column=&#8221;yes&#8221;][\/vc_column][\/vc_row][vc_row full_width=&#8221;container-null&#8221;][vc_column agro_disable_column=&#8221;yes&#8221;][\/vc_column][\/vc_row][vc_row full_width=&#8221;container-null&#8221;][vc_column agro_disable_column=&#8221;yes&#8221;][\/vc_column][\/vc_row][vc_row full_width=&#8221;container-null&#8221;][vc_column agro_disable_column=&#8221;yes&#8221;][\/vc_column][\/vc_row]<\/p>\n","protected":false},"author":1,"featured_media":0,"parent":0,"menu_order":0,"comment_status":"closed","ping_status":"closed","template":"custom-page.php","meta":{"footnotes":""},"class_list":["post-957","page","type-page","status-publish","hentry"," nt-post-class"],"yoast_head":"<!-- This site is optimized with the Yoast SEO plugin v24.7 - https:\/\/yoast.com\/wordpress\/plugins\/seo\/ -->\n<title>Mat\u00e9riel Agricole au S\u00e9n\u00e9gal | Agro | Opportunit\u00e9s d&#039;Investissement<\/title>\n<meta name=\"description\" content=\"Notre flotte de mat\u00e9riel agricole au S\u00e9n\u00e9gal : tracteurs, moissonneuses, batteuses et groupes motopompes pour une production efficace.\" \/>\n<meta name=\"robots\" content=\"index, follow, max-snippet:-1, max-image-preview:large, max-video-preview:-1\" \/>\n<link rel=\"canonical\" href=\"https:\/\/naeisarl.com\/index.php\/structures-et-installations\/\" \/>\n<meta property=\"og:locale\" content=\"fr_FR\" \/>\n<meta property=\"og:type\" content=\"article\" \/>\n<meta property=\"og:title\" content=\"Mat\u00e9riel Agricole au S\u00e9n\u00e9gal | Agro | Opportunit\u00e9s d&#039;Investissement\" \/>\n<meta property=\"og:description\" content=\"Notre flotte de mat\u00e9riel agricole au S\u00e9n\u00e9gal : tracteurs, moissonneuses, batteuses et groupes motopompes pour une production efficace.\" \/>\n<meta property=\"og:url\" content=\"https:\/\/naeisarl.com\/index.php\/structures-et-installations\/\" \/>\n<meta property=\"og:site_name\" content=\"nawel.futuradakar.com\" \/>\n<meta property=\"article:modified_time\" content=\"2024-03-18T15:25:33+00:00\" \/>\n<meta name=\"twitter:card\" content=\"summary_large_image\" \/>\n<meta name=\"twitter:label1\" content=\"Dur\u00e9e de lecture estim\u00e9e\" \/>\n\t<meta name=\"twitter:data1\" content=\"2 minutes\" \/>\n<script type=\"application\/ld+json\" class=\"yoast-schema-graph\">{\"@context\":\"https:\/\/schema.org\",\"@graph\":[{\"@type\":\"WebPage\",\"@id\":\"https:\/\/naeisarl.com\/index.php\/structures-et-installations\/\",\"url\":\"https:\/\/naeisarl.com\/index.php\/structures-et-installations\/\",\"name\":\"Mat\u00e9riel Agricole au S\u00e9n\u00e9gal | Agro | Opportunit\u00e9s d'Investissement\",\"isPartOf\":{\"@id\":\"https:\/\/naeisarl.com\/#website\"},\"datePublished\":\"2023-12-21T12:52:02+00:00\",\"dateModified\":\"2024-03-18T15:25:33+00:00\",\"description\":\"Notre flotte de mat\u00e9riel agricole au S\u00e9n\u00e9gal : tracteurs, moissonneuses, batteuses et groupes motopompes pour une production efficace.\",\"breadcrumb\":{\"@id\":\"https:\/\/naeisarl.com\/index.php\/structures-et-installations\/#breadcrumb\"},\"inLanguage\":\"fr-FR\",\"potentialAction\":[{\"@type\":\"ReadAction\",\"target\":[\"https:\/\/naeisarl.com\/index.php\/structures-et-installations\/\"]}]},{\"@type\":\"BreadcrumbList\",\"@id\":\"https:\/\/naeisarl.com\/index.php\/structures-et-installations\/#breadcrumb\",\"itemListElement\":[{\"@type\":\"ListItem\",\"position\":1,\"name\":\"Accueil\",\"item\":\"https:\/\/naeisarl.com\/\"},{\"@type\":\"ListItem\",\"position\":2,\"name\":\"STRUCTURES ET INSTALLATIONS\"}]},{\"@type\":\"WebSite\",\"@id\":\"https:\/\/naeisarl.com\/#website\",\"url\":\"https:\/\/naeisarl.com\/\",\"name\":\"nawel.futuradakar.com\",\"description\":\"\",\"publisher\":{\"@id\":\"https:\/\/naeisarl.com\/#organization\"},\"potentialAction\":[{\"@type\":\"SearchAction\",\"target\":{\"@type\":\"EntryPoint\",\"urlTemplate\":\"https:\/\/naeisarl.com\/?s={search_term_string}\"},\"query-input\":{\"@type\":\"PropertyValueSpecification\",\"valueRequired\":true,\"valueName\":\"search_term_string\"}}],\"inLanguage\":\"fr-FR\"},{\"@type\":\"Organization\",\"@id\":\"https:\/\/naeisarl.com\/#organization\",\"name\":\"nawel.futuradakar.com\",\"url\":\"https:\/\/naeisarl.com\/\",\"logo\":{\"@type\":\"ImageObject\",\"inLanguage\":\"fr-FR\",\"@id\":\"https:\/\/naeisarl.com\/#\/schema\/logo\/image\/\",\"url\":\"https:\/\/naeisarl.com\/wp-content\/uploads\/2023\/12\/NAWEL-logo.png\",\"contentUrl\":\"https:\/\/naeisarl.com\/wp-content\/uploads\/2023\/12\/NAWEL-logo.png\",\"width\":200,\"height\":260,\"caption\":\"nawel.futuradakar.com\"},\"image\":{\"@id\":\"https:\/\/naeisarl.com\/#\/schema\/logo\/image\/\"}}]}<\/script>\n<!-- \/ Yoast SEO plugin. -->","yoast_head_json":{"title":"Mat\u00e9riel Agricole au S\u00e9n\u00e9gal | Agro | Opportunit\u00e9s d'Investissement","description":"Notre flotte de mat\u00e9riel agricole au S\u00e9n\u00e9gal : tracteurs, moissonneuses, batteuses et groupes motopompes pour une production efficace.","robots":{"index":"index","follow":"follow","max-snippet":"max-snippet:-1","max-image-preview":"max-image-preview:large","max-video-preview":"max-video-preview:-1"},"canonical":"https:\/\/naeisarl.com\/index.php\/structures-et-installations\/","og_locale":"fr_FR","og_type":"article","og_title":"Mat\u00e9riel Agricole au S\u00e9n\u00e9gal | Agro | Opportunit\u00e9s d'Investissement","og_description":"Notre flotte de mat\u00e9riel agricole au S\u00e9n\u00e9gal : tracteurs, moissonneuses, batteuses et groupes motopompes pour une production efficace.","og_url":"https:\/\/naeisarl.com\/index.php\/structures-et-installations\/","og_site_name":"nawel.futuradakar.com","article_modified_time":"2024-03-18T15:25:33+00:00","twitter_card":"summary_large_image","twitter_misc":{"Dur\u00e9e de lecture estim\u00e9e":"2 minutes"},"schema":{"@context":"https:\/\/schema.org","@graph":[{"@type":"WebPage","@id":"https:\/\/naeisarl.com\/index.php\/structures-et-installations\/","url":"https:\/\/naeisarl.com\/index.php\/structures-et-installations\/","name":"Mat\u00e9riel Agricole au S\u00e9n\u00e9gal | Agro | Opportunit\u00e9s d'Investissement","isPartOf":{"@id":"https:\/\/naeisarl.com\/#website"},"datePublished":"2023-12-21T12:52:02+00:00","dateModified":"2024-03-18T15:25:33+00:00","description":"Notre flotte de mat\u00e9riel agricole au S\u00e9n\u00e9gal : tracteurs, moissonneuses, batteuses et groupes motopompes pour une production efficace.","breadcrumb":{"@id":"https:\/\/naeisarl.com\/index.php\/structures-et-installations\/#breadcrumb"},"inLanguage":"fr-FR","potentialAction":[{"@type":"ReadAction","target":["https:\/\/naeisarl.com\/index.php\/structures-et-installations\/"]}]},{"@type":"BreadcrumbList","@id":"https:\/\/naeisarl.com\/index.php\/structures-et-installations\/#breadcrumb","itemListElement":[{"@type":"ListItem","position":1,"name":"Accueil","item":"https:\/\/naeisarl.com\/"},{"@type":"ListItem","position":2,"name":"STRUCTURES ET INSTALLATIONS"}]},{"@type":"WebSite","@id":"https:\/\/naeisarl.com\/#website","url":"https:\/\/naeisarl.com\/","name":"nawel.futuradakar.com","description":"","publisher":{"@id":"https:\/\/naeisarl.com\/#organization"},"potentialAction":[{"@type":"SearchAction","target":{"@type":"EntryPoint","urlTemplate":"https:\/\/naeisarl.com\/?s={search_term_string}"},"query-input":{"@type":"PropertyValueSpecification","valueRequired":true,"valueName":"search_term_string"}}],"inLanguage":"fr-FR"},{"@type":"Organization","@id":"https:\/\/naeisarl.com\/#organization","name":"nawel.futuradakar.com","url":"https:\/\/naeisarl.com\/","logo":{"@type":"ImageObject","inLanguage":"fr-FR","@id":"https:\/\/naeisarl.com\/#\/schema\/logo\/image\/","url":"https:\/\/naeisarl.com\/wp-content\/uploads\/2023\/12\/NAWEL-logo.png","contentUrl":"https:\/\/naeisarl.com\/wp-content\/uploads\/2023\/12\/NAWEL-logo.png","width":200,"height":260,"caption":"nawel.futuradakar.com"},"image":{"@id":"https:\/\/naeisarl.com\/#\/schema\/logo\/image\/"}}]}},"_links":{"self":[{"href":"https:\/\/naeisarl.com\/index.php\/wp-json\/wp\/v2\/pages\/957","targetHints":{"allow":["GET"]}}],"collection":[{"href":"https:\/\/naeisarl.com\/index.php\/wp-json\/wp\/v2\/pages"}],"about":[{"href":"https:\/\/naeisarl.com\/index.php\/wp-json\/wp\/v2\/types\/page"}],"author":[{"embeddable":true,"href":"https:\/\/naeisarl.com\/index.php\/wp-json\/wp\/v2\/users\/1"}],"replies":[{"embeddable":true,"href":"https:\/\/naeisarl.com\/index.php\/wp-json\/wp\/v2\/comments?post=957"}],"version-history":[{"count":6,"href":"https:\/\/naeisarl.com\/index.php\/wp-json\/wp\/v2\/pages\/957\/revisions"}],"predecessor-version":[{"id":1097,"href":"https:\/\/naeisarl.com\/index.php\/wp-json\/wp\/v2\/pages\/957\/revisions\/1097"}],"wp:attachment":[{"href":"https:\/\/naeisarl.com\/index.php\/wp-json\/wp\/v2\/media?parent=957"}],"curies":[{"name":"wp","href":"https:\/\/api.w.org\/{rel}","templated":true}]}}