{"id":958,"date":"2023-12-21T12:54:58","date_gmt":"2023-12-21T12:54:58","guid":{"rendered":"https:\/\/naeisarl.com\/?page_id=958"},"modified":"2024-04-09T10:48:52","modified_gmt":"2024-04-09T09:48:52","slug":"partenariats-investissements","status":"publish","type":"page","link":"https:\/\/naeisarl.com\/index.php\/partenariats-investissements\/","title":{"rendered":"PARTENARIATS &#038; INVESTISSEMENTS"},"content":{"rendered":"<div class=\"wpb-content-wrapper\">[vc_row full_width=&#8221;container-null&#8221;][vc_column agro_disable_column=&#8221;yes&#8221;]<div id=\"hero\" class=\"nt-shortcode-hero jarallax section_69fb43b86bcd5 vc_custom_1703928081066\" data-speed=\"0.7\" data-img-position=\"50% 80%\" data-res-css=\"          \"><div class=\"container\"><div class=\"row\"><div class=\"col-12 col-lg-7 \"><h1 class=\"__title\"><span>\u00c9VOLUONS<\/span> ENSEMBLE<\/h1><div class=\"shortcode-page-breadcrumbs breadcrumb\"><div class=\"nt-breadcrumbs\"><ul class=\"nt-breadcrumbs-list\"><li class=\"bitem\"><span><a class=\"breadcrumbs__link\" href=\"https:\/\/naeisarl.com\/\"><span>Home<\/span><\/a><\/span><\/li><\/ul><\/div><\/div><\/div><\/div><\/div><\/div>[\/vc_column][\/vc_row][vc_row full_width=&#8221;container-null&#8221;][vc_column agro_disable_column=&#8221;yes&#8221; css=&#8221;.vc_custom_1704242657496{margin-bottom: 0px !important;border-bottom-width: 0px !important;padding-bottom: 0px !important;}&#8221; 992_desc=&#8221;&#8221; 768_desc=&#8221;&#8221; 576_desc=&#8221;&#8221;]<div class=\"section section_69fb43b86c22a\" data-res-css=\"       \"><div class=\"container\"><div class=\"section-heading section-heading--center\"><h2 class=\"__title\">AGRICULTURE <span>INNOVANTE<\/span><\/h2><\/div><div class=\"feature feature--style-2\"><div class=\"__inner\"><div class=\"row\"><\/div><\/div><\/div><\/div><\/div>[vc_row_inner css=&#8221;.vc_custom_1704242732713{margin-top: -140px !important;border-top-width: -140px !important;padding-top: -140px !important;}&#8221; 992_desc=&#8221;&#8221; 768_desc=&#8221;&#8221; 576_desc=&#8221;&#8221;][vc_column_inner width=&#8221;1\/6&#8243;][\/vc_column_inner][vc_column_inner width=&#8221;2\/3&#8243; el_id=&#8221;partner-info-desc&#8221; 992_desc=&#8221;&#8221; 768_desc=&#8221;&#8221; 576_desc=&#8221;&#8221;][vc_column_text]\n<style>\n.wpb_wrapper > p {<br \/>font-size: 16px;<br \/>color: #000;<br \/>}<br \/><\/style>\n<p>Bien que la soci\u00e9t\u00e9 poss\u00e8de des milliers d&#8217;hectares dans diff\u00e9rentes r\u00e9gions du pays, les d\u00e9fis tels que l&#8217;insuffisance des moyens financiers, le manque d&#8217;\u00e9quipements agricoles adapt\u00e9s et le besoin d&#8217;une expertise accrue en agriculture de pointe entravent la pleine valorisation de ce potentiel.<\/p>\n<p>Pour surmonter ces contraintes, <strong>NAEI SARL<\/strong> recherche activement des partenaires, investisseurs, fournisseurs et acheteurs, tout en explorant des opportunit\u00e9s de financement aupr\u00e8s de gestionnaires de fonds publics et priv\u00e9s.<\/p>\n[\/vc_column_text][\/vc_column_inner][vc_column_inner width=&#8221;1\/6&#8243;][\/vc_column_inner][\/vc_row_inner][\/vc_column][\/vc_row][vc_row full_width=&#8221;container-null&#8221; css=&#8221;.vc_custom_1703928135743{margin-bottom: 0px !important;border-bottom-width: 0px !important;padding-bottom: 0px !important;}&#8221;][vc_column agro_disable_column=&#8221;yes&#8221; css=&#8221;.vc_custom_1703928148083{margin-bottom: 0px !important;border-bottom-width: 0px !important;padding-bottom: 0px !important;}&#8221;]<div class=\"section item_69fb43b86c254\" data-res-css=\"             \"><div class=\"container\"><div class=\"row\"><div class=\"col-12 col-lg-6\"><h2 class=\"info-heading\">ANALYSE <span>&amp; STRATEGIES<\/span><\/h2>NAEI SARL dispose d\u2019un potentiel foncier tr\u00e8s important \u00e0 travers le pays mais l\u2019insuffisance des moyens financiers, des \u00e9quipements agricoles adapt\u00e9s et le niveau de formation limit\u00e9s en agriculture de pointe malgr\u00e9 l\u2019exp\u00e9rience, limitent la mise en valeur du potentiel.<\/p>\n<p>Ainsi la lev\u00e9e de ces contraintes par l\u2019obtention de partenaires dans ses domaines permettrait \u00e0 l\u2019entreprise de se moderniser et d\u2019exploiter de fa\u00e7on optimale le potentiel de terre dont elle dispose.<\/p>\n<p>Pour ce faire l\u2019entreprise devra investir sur des \u00e9quipements modernes d\u2019irrigation plus productifs et adopter des techniques et technologies de productions modernes avec un personnel bien form\u00e9.<\/div><div class=\"col-12 my-3 d-lg-none\"><\/div><div class=\"col-12 col-lg-6\"><img decoding=\"async\" src=\"https:\/\/naeisarl.com\/wp-content\/uploads\/2023\/12\/NAWEL_partenariats_bloc01.jpg\" class=\"img-fluid\" alt=\"NAWEL_partenariats_bloc01.jpg\"><\/div><\/div><\/div><\/div>[\/vc_column][\/vc_row][vc_row css=&#8221;.vc_custom_1703928369401{margin-top: -60px !important;margin-bottom: 60px !important;border-top-width: 0px !important;padding-top: 0px !important;}&#8221;][vc_column css=&#8221;.vc_custom_1703928181804{margin-top: 0px !important;border-top-width: 0px !important;padding-top: 0px !important;}&#8221;][vc_raw_html]JTNDZGl2JTIwY2xhc3MlM0QlMjJjb250YWluZXIlMjIlM0UlMEElMDklM0NkaXYlMjBjbGFzcyUzRCUyMnJvdyUyMiUzRSUwQSUwOSUwOSUzQ2RpdiUyMGNsYXNzJTNEJTIyY29sLW1kLTQlMjIlM0UlMEElMDklMDklMDklM0NpbWclMjBzcmMlM0QlMjJodHRwcyUzQSUyRiUyRm5hZWlzYXJsLmNvbSUyRndwLWNvbnRlbnQlMkZ1cGxvYWRzJTJGMjAyMyUyRjEyJTJGTkFXRUxfcGFydGVuYXJpYXRzX2Jsb2MwMi5qcGclMjIlMjBzdHlsZSUzRCUyMndpZHRoJTNBJTIwMTAwJTI1JTNCJTIyJTIwYWx0JTNEJTIyTkFFSSUyMFNBUkwlMjIlM0UlMEElMDklMDklM0MlMkZkaXYlM0UlMEElMDklMDklM0NkaXYlMjBjbGFzcyUzRCUyMmNvbC1tZC04JTIyJTNFJTBBJTA5JTA5JTA5JTNDcCUzRSUwQSUwOSUwOSUwOSUwOSUzQ3N0cm9uZyUzRUZvcnRzJTIwZGUlMjBub3RyZSUyMGV4cGVydGlzZSUyQyUyMG5vdXMlMjBnJUMzJUE5cm9ucyUyMGFjdHVlbGxlbWVudCUyMGRlcyUyMG1pbGxpZXJzJTIwZCUyN2hlY3RhcmVzJTIwZGFucyUyMGRpZmYlQzMlQTlyZW50ZXMlMjByJUMzJUE5Z2lvbnMlMjBkdSUyMHBheXMlMkMlMjBwcm9kdWlzYW50JTIwZHUlMjByaXolMkMlMjBkZXMlMjBsJUMzJUE5Z3VtZXMlMkMlMjBkZXMlMjBzZW1lbmNlcyUyMGV0JTIwZCUyN2F1dHJlcyUyMGN1bHR1cmVzJTIwZGl2ZXJzaWZpJUMzJUE5ZXMuJTIwQWN0dWVsbGVtZW50JTJDJTIwbm90cmUlMjBtYXJnZSUyMGJydXRlJTIwYW5udWVsbGUlMjB0b3RhbGUlMjBhdHRlaW50JTIwNDMwJTIwODgwJTIwMDAwJTIwRkNGQSUyMHBvdXIlMjBsJTI3ZW5zZW1ibGUlMjBkZSUyMG5vcyUyMGFjdGl2aXQlQzMlQTlzLiUzQyUyRnN0cm9uZyUzRSUzQ2JyJTNFJTNDYnIlM0UlMEElMDklMDklMDlDZXBlbmRhbnQlMkMlMjBwb3VyJTIwZXhwbG9pdGVyJTIwcGxlaW5lbWVudCUyMGxlJTIwcG90ZW50aWVsJTIwZGUlMjBub3MlMjB0ZXJyZXMlMkMlMjBub3VzJTIwcmVjaGVyY2hvbnMlMjBkZXMlMjBwYXJ0ZW5haXJlcyUyMHN0cmF0JUMzJUE5Z2lxdWVzJTJDJTIwZGVzJTIwaW52ZXN0aXNzZXVycyUyMGVuZ2FnJUMzJUE5cyUyMGV0JTIwZGVzJTIwZm91cm5pc3NldXJzJTIwZmlhYmxlcy4lMjBOb3RyZSUyMG9iamVjdGlmJTIwZXN0JTIwZCUyNyVDMyVBOXRlbmRyZSUyMG5vcyUyMG9wJUMzJUE5cmF0aW9ucyUyMGVuJTIwZXhwbG9pdGFudCUyMGxlcyUyMDUlMjAwMDAlMjBoZWN0YXJlcyUyMGRlJTIwbm90cmUlMjBwb3RlbnRpZWwlMkMlMjBkb250JTIwc2V1bGVtZW50JTIwMiUyMDAwMCUyMGhlY3RhcmVzJTIwc29udCUyMGFjdHVlbGxlbWVudCUyMGV4cGxvaXQlQzMlQTlzLiUyME5vdXMlMjBpZGVudGlmaW9ucyUyMGNlcnRhaW5lcyUyMGNvbnRyYWludGVzJTJDJTIwdGVsbGVzJTIwcXVlJTIwbCUyN2luc3VmZmlzYW5jZSUyMGRlcyUyMG1veWVucyUyMGZpbmFuY2llcnMlMkMlMjBsZSUyMG1hbnF1ZSUyMGQlMjclQzMlQTlxdWlwZW1lbnRzJTIwYWdyaWNvbGVzJTIwYWRhcHQlQzMlQTlzJTIwZXQlMjB1biUyMG5pdmVhdSUyMGRlJTIwZm9ybWF0aW9uJTIwcXVpJTIwcG91cnJhaXQlMjAlQzMlQUF0cmUlMjBhbSVDMyVBOWxpb3IlQzMlQTkuJTNDYnIlM0UlM0NiciUzRSUwQSUwOSUwOSUwOVBvdXIlMjByZWxldmVyJTIwY2VzJTIwZCVDMyVBOWZpcyUyQyUyMG5vdXMlMjBleHByaW1vbnMlMjBkZXMlMjBiZXNvaW5zJTIwY2xhaXJzJTIwJTNBJTIwcGFydGVuYWlyZXMlMjB0ZWNobmlxdWVzJTIwZXQlMjBmaW5hbmNpZXJzJTIwcG91ciUyMHNvdXRlbmlyJTIwbm9zJTIwYWN0aXZpdCVDMyVBOXMlMkMlMjAlQzMlQTlxdWlwZW1lbnRzJTIwbW9kZXJuZXMlMjB0ZWxzJTIwcXVlJTIwZGVzJTIwc3lzdCVDMyVBOG1lcyUyMGQlMjdpcnJpZ2F0aW9uJTJDJTIwYWluc2klMjBxdWUlMjBsZSUyMHJlbmZvcmNlbWVudCUyMGRlcyUyMGNhcGFjaXQlQzMlQTlzJTIwZW4lMjBhZ3JpY3VsdHVyZSUyMGRlJTIwcG9pbnRlJTJDJTIwbm90YW1tZW50JTIwZGFucyUyMGxlcyUyMGRvbWFpbmVzJTIwZHUlMjBtYXJhJUMzJUFFY2hhZ2UlMjBhdmVjJTIwZGVzJTIwdGVjaG5pcXVlcyUyMHRlbGxlcyUyMHF1ZSUyMGxlJTIwZ291dHRlLSVDMyVBMC1nb3V0dGUlMkMlMjBsZSUyMHBpdm90JTJDJTIwZXQlMjBsJTI3YXNwZXJzaW9uLiUyME5vdXMlMjBzb21tZXMlMjBvdXZlcnRzJTIwJUMzJUEwJTIwbGElMjBjb2xsYWJvcmF0aW9uJTIwYXZlYyUyMGRlcyUyMGdlc3Rpb25uYWlyZXMlMjBkZSUyMGZvbmRzJTIwcHVibGljcyUyMGV0JTIwcHJpdiVDMyVBOXMlMjBwYXJ0YWdlYW50JTIwbm90cmUlMjB2aXNpb24lMjBkZSUyMGwlMjdhZ3JpY3VsdHVyZSUyMGR1cmFibGUlMjBldCUyMGlubm92YW50ZS4lMEElMDklMDklMDklM0MlMkZwJTNFJTBBJTA5JTA5JTNDJTJGZGl2JTNFJTBBJTA5JTNDJTJGZGl2JTNFJTBBJTNDJTJGZGl2JTNF[\/vc_raw_html][\/vc_column][\/vc_row][vc_row full_width=&#8221;container-null&#8221;][vc_column agro_disable_column=&#8221;yes&#8221;]<div class=\"section section--no-pb jarallax item_69fb43b86c4ec\" data-speed=\"0.4\" data-img-position=\"50% 65%\" data-res-css=\"        \"><img decoding=\"async\" src=\"https:\/\/naeisarl.com\/wp-content\/uploads\/2023\/12\/NAWEL_partenariats_bloc03bg.jpg\" class=\"jarallax-img\" alt=\"NAWEL_partenariats_bloc03bg.jpg\"><div class=\"container\"><div class=\"section-heading section-heading--center section-heading--white\" data-aos=\"fade\"><h2 class=\"__title\">EXPANSIONS <span>STRATEGIQUES<\/span><\/h2><\/div><div class=\"simple-text-block simple-text-block--no-pb\"><div class=\"row justify-content-md-center\"><div class=\"col-12 col-md-11\"><div class=\"row justify-content-lg-between no-gutters\"><div class=\"col-12 col-lg-5\"><img decoding=\"async\" src=\"https:\/\/naeisarl.com\/wp-content\/uploads\/2023\/12\/NAWEL_partenariats_bloc03.jpg\" class=\"img-fluid\" alt=\"NAWEL_partenariats_bloc03.jpg\"><\/div><div class=\"col-12 my-3 d-lg-none\"><\/div><div class=\"col-12 col-lg-6\"><div class=\"js-slick slick_69fb43b86c4ed\" data-slick='{\"autoplay\": false, \"arrows\": false, \"dots\": false, \"pauseOnHover\": false, \"speed\": 1000}'><div class=\"__item\"><p><strong>L'entreprise envisage de moderniser ses op\u00e9rations en investissant dans des \u00e9quipements d'irrigation plus performants et en adoptant des techniques et technologies de production de pointe, tout en renfor\u00e7ant la formation de son personnel. <\/strong> Ces initiatives permettront d'optimiser l'utilisation des terres disponibles et de stimuler la croissance de l'entreprise.<\/p>\n<p><strong>Les perspectives d'extension sont ambitieuses : <\/strong><br \/>\n\uf0fc\t- Augmentation de la productivit\u00e9 du syst\u00e8me pluvial sur 1 000 hectares. <br \/>\n\uf0fc\t- Expansion de la culture du riz sur 3 000 hectares. <br \/>\n\uf0fc\t- D\u00e9veloppement des cultures mara\u00eech\u00e8res sur 600 hectares. <br \/>\n\uf0fc\t- Introduction de cultures fruiti\u00e8res d'exportation sur 400 hectares. <\/p>\n<p><strong>En collaborant avec NAEI SARL, vous participez \u00e0 la transformation du secteur agricole au S\u00e9n\u00e9gal, contribuant \u00e0 l'essor de l'entreprise tout en promouvant des pratiques agricoles durables et innovantes. <\/strong><\/p>\n<p>Rejoignez-nous dans cette initiative passionnante visant \u00e0 exploiter pleinement le potentiel agricole du S\u00e9n\u00e9gal.<\/p>\n<\/div><\/div><\/div><\/div><\/div><\/div><\/div><\/div><\/div>[\/vc_column][\/vc_row]\n<\/div>","protected":false},"excerpt":{"rendered":"<p>[vc_row full_width=&#8221;container-null&#8221;][vc_column agro_disable_column=&#8221;yes&#8221;][\/vc_column][\/vc_row][vc_row full_width=&#8221;container-null&#8221;][vc_column agro_disable_column=&#8221;yes&#8221; css=&#8221;.vc_custom_1704242657496{margin-bottom: 0px !important;border-bottom-width: 0px !important;padding-bottom: 0px !important;}&#8221; 992_desc=&#8221;&#8221; 768_desc=&#8221;&#8221; 576_desc=&#8221;&#8221;][vc_row_inner css=&#8221;.vc_custom_1704242732713{margin-top: -140px !important;border-top-width: -140px !important;padding-top: -140px !important;}&#8221; 992_desc=&#8221;&#8221; 768_desc=&#8221;&#8221; 576_desc=&#8221;&#8221;][vc_column_inner width=&#8221;1\/6&#8243;][\/vc_column_inner][vc_column_inner width=&#8221;2\/3&#8243; el_id=&#8221;partner-info-desc&#8221; 992_desc=&#8221;&#8221; 768_desc=&#8221;&#8221; 576_desc=&#8221;&#8221;][vc_column_text] Bien que la soci\u00e9t\u00e9 poss\u00e8de des milliers d&#8217;hectares dans diff\u00e9rentes r\u00e9gions du pays, les d\u00e9fis tels que l&#8217;insuffisance des moyens financiers, le manque d&#8217;\u00e9quipements&#8230;<\/p>\n","protected":false},"author":1,"featured_media":0,"parent":0,"menu_order":0,"comment_status":"closed","ping_status":"closed","template":"custom-page.php","meta":{"footnotes":""},"class_list":["post-958","page","type-page","status-publish","hentry"," nt-post-class"],"yoast_head":"<!-- This site is optimized with the Yoast SEO plugin v24.7 - https:\/\/yoast.com\/wordpress\/plugins\/seo\/ -->\n<title>Partenariats et Investissements dans l&#039;Agriculture au S\u00e9n\u00e9gal<\/title>\n<meta name=\"description\" content=\"Rejoignez notre \u00e9quipe de partenaires et investisseurs pour exploiter pleinement le potentiel de nos milliers d\u2019hectares au S\u00e9n\u00e9gal.\" \/>\n<meta name=\"robots\" content=\"index, follow, max-snippet:-1, max-image-preview:large, max-video-preview:-1\" \/>\n<link rel=\"canonical\" href=\"https:\/\/naeisarl.com\/index.php\/partenariats-investissements\/\" \/>\n<meta property=\"og:locale\" content=\"fr_FR\" \/>\n<meta property=\"og:type\" content=\"article\" \/>\n<meta property=\"og:title\" content=\"Partenariats et Investissements dans l&#039;Agriculture au S\u00e9n\u00e9gal\" \/>\n<meta property=\"og:description\" content=\"Rejoignez notre \u00e9quipe de partenaires et investisseurs pour exploiter pleinement le potentiel de nos milliers d\u2019hectares au S\u00e9n\u00e9gal.\" \/>\n<meta property=\"og:url\" content=\"https:\/\/naeisarl.com\/index.php\/partenariats-investissements\/\" \/>\n<meta property=\"og:site_name\" content=\"nawel.futuradakar.com\" \/>\n<meta property=\"article:modified_time\" content=\"2024-04-09T09:48:52+00:00\" \/>\n<meta name=\"twitter:card\" content=\"summary_large_image\" \/>\n<meta name=\"twitter:label1\" content=\"Dur\u00e9e de lecture estim\u00e9e\" \/>\n\t<meta name=\"twitter:data1\" content=\"2 minutes\" \/>\n<script type=\"application\/ld+json\" class=\"yoast-schema-graph\">{\"@context\":\"https:\/\/schema.org\",\"@graph\":[{\"@type\":\"WebPage\",\"@id\":\"https:\/\/naeisarl.com\/index.php\/partenariats-investissements\/\",\"url\":\"https:\/\/naeisarl.com\/index.php\/partenariats-investissements\/\",\"name\":\"Partenariats et Investissements dans l'Agriculture au S\u00e9n\u00e9gal\",\"isPartOf\":{\"@id\":\"https:\/\/naeisarl.com\/#website\"},\"datePublished\":\"2023-12-21T12:54:58+00:00\",\"dateModified\":\"2024-04-09T09:48:52+00:00\",\"description\":\"Rejoignez notre \u00e9quipe de partenaires et investisseurs pour exploiter pleinement le potentiel de nos milliers d\u2019hectares au S\u00e9n\u00e9gal.\",\"breadcrumb\":{\"@id\":\"https:\/\/naeisarl.com\/index.php\/partenariats-investissements\/#breadcrumb\"},\"inLanguage\":\"fr-FR\",\"potentialAction\":[{\"@type\":\"ReadAction\",\"target\":[\"https:\/\/naeisarl.com\/index.php\/partenariats-investissements\/\"]}]},{\"@type\":\"BreadcrumbList\",\"@id\":\"https:\/\/naeisarl.com\/index.php\/partenariats-investissements\/#breadcrumb\",\"itemListElement\":[{\"@type\":\"ListItem\",\"position\":1,\"name\":\"Accueil\",\"item\":\"https:\/\/naeisarl.com\/\"},{\"@type\":\"ListItem\",\"position\":2,\"name\":\"PARTENARIATS &#038; INVESTISSEMENTS\"}]},{\"@type\":\"WebSite\",\"@id\":\"https:\/\/naeisarl.com\/#website\",\"url\":\"https:\/\/naeisarl.com\/\",\"name\":\"nawel.futuradakar.com\",\"description\":\"\",\"publisher\":{\"@id\":\"https:\/\/naeisarl.com\/#organization\"},\"potentialAction\":[{\"@type\":\"SearchAction\",\"target\":{\"@type\":\"EntryPoint\",\"urlTemplate\":\"https:\/\/naeisarl.com\/?s={search_term_string}\"},\"query-input\":{\"@type\":\"PropertyValueSpecification\",\"valueRequired\":true,\"valueName\":\"search_term_string\"}}],\"inLanguage\":\"fr-FR\"},{\"@type\":\"Organization\",\"@id\":\"https:\/\/naeisarl.com\/#organization\",\"name\":\"nawel.futuradakar.com\",\"url\":\"https:\/\/naeisarl.com\/\",\"logo\":{\"@type\":\"ImageObject\",\"inLanguage\":\"fr-FR\",\"@id\":\"https:\/\/naeisarl.com\/#\/schema\/logo\/image\/\",\"url\":\"https:\/\/naeisarl.com\/wp-content\/uploads\/2023\/12\/NAWEL-logo.png\",\"contentUrl\":\"https:\/\/naeisarl.com\/wp-content\/uploads\/2023\/12\/NAWEL-logo.png\",\"width\":200,\"height\":260,\"caption\":\"nawel.futuradakar.com\"},\"image\":{\"@id\":\"https:\/\/naeisarl.com\/#\/schema\/logo\/image\/\"}}]}<\/script>\n<!-- \/ Yoast SEO plugin. -->","yoast_head_json":{"title":"Partenariats et Investissements dans l'Agriculture au S\u00e9n\u00e9gal","description":"Rejoignez notre \u00e9quipe de partenaires et investisseurs pour exploiter pleinement le potentiel de nos milliers d\u2019hectares au S\u00e9n\u00e9gal.","robots":{"index":"index","follow":"follow","max-snippet":"max-snippet:-1","max-image-preview":"max-image-preview:large","max-video-preview":"max-video-preview:-1"},"canonical":"https:\/\/naeisarl.com\/index.php\/partenariats-investissements\/","og_locale":"fr_FR","og_type":"article","og_title":"Partenariats et Investissements dans l'Agriculture au S\u00e9n\u00e9gal","og_description":"Rejoignez notre \u00e9quipe de partenaires et investisseurs pour exploiter pleinement le potentiel de nos milliers d\u2019hectares au S\u00e9n\u00e9gal.","og_url":"https:\/\/naeisarl.com\/index.php\/partenariats-investissements\/","og_site_name":"nawel.futuradakar.com","article_modified_time":"2024-04-09T09:48:52+00:00","twitter_card":"summary_large_image","twitter_misc":{"Dur\u00e9e de lecture estim\u00e9e":"2 minutes"},"schema":{"@context":"https:\/\/schema.org","@graph":[{"@type":"WebPage","@id":"https:\/\/naeisarl.com\/index.php\/partenariats-investissements\/","url":"https:\/\/naeisarl.com\/index.php\/partenariats-investissements\/","name":"Partenariats et Investissements dans l'Agriculture au S\u00e9n\u00e9gal","isPartOf":{"@id":"https:\/\/naeisarl.com\/#website"},"datePublished":"2023-12-21T12:54:58+00:00","dateModified":"2024-04-09T09:48:52+00:00","description":"Rejoignez notre \u00e9quipe de partenaires et investisseurs pour exploiter pleinement le potentiel de nos milliers d\u2019hectares au S\u00e9n\u00e9gal.","breadcrumb":{"@id":"https:\/\/naeisarl.com\/index.php\/partenariats-investissements\/#breadcrumb"},"inLanguage":"fr-FR","potentialAction":[{"@type":"ReadAction","target":["https:\/\/naeisarl.com\/index.php\/partenariats-investissements\/"]}]},{"@type":"BreadcrumbList","@id":"https:\/\/naeisarl.com\/index.php\/partenariats-investissements\/#breadcrumb","itemListElement":[{"@type":"ListItem","position":1,"name":"Accueil","item":"https:\/\/naeisarl.com\/"},{"@type":"ListItem","position":2,"name":"PARTENARIATS &#038; INVESTISSEMENTS"}]},{"@type":"WebSite","@id":"https:\/\/naeisarl.com\/#website","url":"https:\/\/naeisarl.com\/","name":"nawel.futuradakar.com","description":"","publisher":{"@id":"https:\/\/naeisarl.com\/#organization"},"potentialAction":[{"@type":"SearchAction","target":{"@type":"EntryPoint","urlTemplate":"https:\/\/naeisarl.com\/?s={search_term_string}"},"query-input":{"@type":"PropertyValueSpecification","valueRequired":true,"valueName":"search_term_string"}}],"inLanguage":"fr-FR"},{"@type":"Organization","@id":"https:\/\/naeisarl.com\/#organization","name":"nawel.futuradakar.com","url":"https:\/\/naeisarl.com\/","logo":{"@type":"ImageObject","inLanguage":"fr-FR","@id":"https:\/\/naeisarl.com\/#\/schema\/logo\/image\/","url":"https:\/\/naeisarl.com\/wp-content\/uploads\/2023\/12\/NAWEL-logo.png","contentUrl":"https:\/\/naeisarl.com\/wp-content\/uploads\/2023\/12\/NAWEL-logo.png","width":200,"height":260,"caption":"nawel.futuradakar.com"},"image":{"@id":"https:\/\/naeisarl.com\/#\/schema\/logo\/image\/"}}]}},"_links":{"self":[{"href":"https:\/\/naeisarl.com\/index.php\/wp-json\/wp\/v2\/pages\/958","targetHints":{"allow":["GET"]}}],"collection":[{"href":"https:\/\/naeisarl.com\/index.php\/wp-json\/wp\/v2\/pages"}],"about":[{"href":"https:\/\/naeisarl.com\/index.php\/wp-json\/wp\/v2\/types\/page"}],"author":[{"embeddable":true,"href":"https:\/\/naeisarl.com\/index.php\/wp-json\/wp\/v2\/users\/1"}],"replies":[{"embeddable":true,"href":"https:\/\/naeisarl.com\/index.php\/wp-json\/wp\/v2\/comments?post=958"}],"version-history":[{"count":10,"href":"https:\/\/naeisarl.com\/index.php\/wp-json\/wp\/v2\/pages\/958\/revisions"}],"predecessor-version":[{"id":1421,"href":"https:\/\/naeisarl.com\/index.php\/wp-json\/wp\/v2\/pages\/958\/revisions\/1421"}],"wp:attachment":[{"href":"https:\/\/naeisarl.com\/index.php\/wp-json\/wp\/v2\/media?parent=958"}],"curies":[{"name":"wp","href":"https:\/\/api.w.org\/{rel}","templated":true}]}}